{"id":87,"date":"2014-09-22T10:06:39","date_gmt":"2014-09-22T10:06:39","guid":{"rendered":"http:\/\/olivervoigt.de\/wordpress\/?page_id=87"},"modified":"2014-09-23T08:50:50","modified_gmt":"2014-09-23T08:50:50","slug":"australia06","status":"publish","type":"page","link":"https:\/\/olivervoigt.de\/wordpress\/?page_id=87","title":{"rendered":"Australia\u00b406"},"content":{"rendered":"<div id=\"metaslider-id-225\" style=\"max-width: 700px;\" class=\"ml-slider-3-108-0 metaslider metaslider-nivo metaslider-225 ml-slider has-dots-nav ms-theme-default\" role=\"region\" aria-label=\"Australia\u00b406\" data-height=\"500\" data-width=\"700\">\n    <div id=\"metaslider_container_225\">\n        <div class='slider-wrapper theme-default'><div class='ribbon'><\/div><div id='metaslider_225' class='nivoSlider'><img loading=\"lazy\" decoding=\"async\" src=\"https:\/\/olivervoigt.de\/wordpress\/wp-content\/uploads\/2014\/09\/Australien_06-2_004-700x500.jpg\" height=\"500\" width=\"700\" alt=\"\" class=\"slider-225 slide-226 msDefaultImage\" \/><img loading=\"lazy\" decoding=\"async\" src=\"https:\/\/olivervoigt.de\/wordpress\/wp-content\/uploads\/2014\/09\/Australien_06-2_005-700x500.jpg\" height=\"500\" width=\"700\" alt=\"\" class=\"slider-225 slide-227 msDefaultImage\" \/><img loading=\"lazy\" decoding=\"async\" src=\"https:\/\/olivervoigt.de\/wordpress\/wp-content\/uploads\/2014\/09\/Australien_06-2_006-700x500.jpg\" height=\"500\" width=\"700\" alt=\"\" class=\"slider-225 slide-228 msDefaultImage\" \/><img loading=\"lazy\" decoding=\"async\" src=\"https:\/\/olivervoigt.de\/wordpress\/wp-content\/uploads\/2014\/09\/Australien_06-2_007-700x500.jpg\" height=\"500\" width=\"700\" alt=\"\" class=\"slider-225 slide-229 msDefaultImage\" \/><img loading=\"lazy\" decoding=\"async\" src=\"https:\/\/olivervoigt.de\/wordpress\/wp-content\/uploads\/2014\/09\/Australien_06-2_008-700x500.jpg\" height=\"500\" width=\"700\" alt=\"\" class=\"slider-225 slide-230 msDefaultImage\" \/><img loading=\"lazy\" decoding=\"async\" src=\"https:\/\/olivervoigt.de\/wordpress\/wp-content\/uploads\/2014\/09\/Australien_06-2_009-700x500.jpg\" height=\"500\" width=\"700\" alt=\"\" class=\"slider-225 slide-231 msDefaultImage\" \/><img loading=\"lazy\" decoding=\"async\" src=\"https:\/\/olivervoigt.de\/wordpress\/wp-content\/uploads\/2014\/09\/Australien_06-2_010-700x500.jpg\" height=\"500\" width=\"700\" alt=\"\" class=\"slider-225 slide-232 msDefaultImage\" \/><img loading=\"lazy\" decoding=\"async\" src=\"https:\/\/olivervoigt.de\/wordpress\/wp-content\/uploads\/2014\/09\/Australien_06-2_011-700x500.jpg\" height=\"500\" width=\"700\" alt=\"\" class=\"slider-225 slide-233 msDefaultImage\" \/><img loading=\"lazy\" decoding=\"async\" src=\"https:\/\/olivervoigt.de\/wordpress\/wp-content\/uploads\/2014\/09\/Australien_06-2_013-700x500.jpg\" height=\"500\" width=\"700\" alt=\"\" class=\"slider-225 slide-234 msDefaultImage\" \/><img loading=\"lazy\" decoding=\"async\" src=\"https:\/\/olivervoigt.de\/wordpress\/wp-content\/uploads\/2014\/09\/Australien_06_001-700x500.jpg\" height=\"500\" width=\"700\" alt=\"\" class=\"slider-225 slide-235 msDefaultImage\" \/><img loading=\"lazy\" decoding=\"async\" src=\"https:\/\/olivervoigt.de\/wordpress\/wp-content\/uploads\/2014\/09\/Australien_06_003-700x500.jpg\" height=\"500\" width=\"700\" alt=\"\" class=\"slider-225 slide-236 msDefaultImage\" \/><img loading=\"lazy\" decoding=\"async\" src=\"https:\/\/olivervoigt.de\/wordpress\/wp-content\/uploads\/2014\/09\/Australien_06_004-700x500.jpg\" height=\"500\" width=\"700\" alt=\"\" class=\"slider-225 slide-237 msDefaultImage\" \/><img loading=\"lazy\" decoding=\"async\" src=\"https:\/\/olivervoigt.de\/wordpress\/wp-content\/uploads\/2014\/09\/Australien_06_005-700x500.jpg\" height=\"500\" width=\"700\" alt=\"\" class=\"slider-225 slide-238 msDefaultImage\" \/><img loading=\"lazy\" decoding=\"async\" src=\"https:\/\/olivervoigt.de\/wordpress\/wp-content\/uploads\/2014\/09\/Australien_06_006-700x500.jpg\" height=\"500\" width=\"700\" alt=\"\" class=\"slider-225 slide-239 msDefaultImage\" \/><img loading=\"lazy\" decoding=\"async\" src=\"https:\/\/olivervoigt.de\/wordpress\/wp-content\/uploads\/2014\/09\/Australien_06_008-700x500.jpg\" height=\"500\" width=\"700\" alt=\"\" class=\"slider-225 slide-240 msDefaultImage\" \/><img loading=\"lazy\" decoding=\"async\" src=\"https:\/\/olivervoigt.de\/wordpress\/wp-content\/uploads\/2014\/09\/Australien_06_009-700x500.jpg\" height=\"500\" width=\"700\" alt=\"\" class=\"slider-225 slide-241 msDefaultImage\" \/><img loading=\"lazy\" decoding=\"async\" src=\"https:\/\/olivervoigt.de\/wordpress\/wp-content\/uploads\/2014\/09\/Australien_06_010-700x500.jpg\" height=\"500\" width=\"700\" alt=\"\" class=\"slider-225 slide-242 msDefaultImage\" \/><img loading=\"lazy\" decoding=\"async\" src=\"https:\/\/olivervoigt.de\/wordpress\/wp-content\/uploads\/2014\/09\/Australien_06_015-700x500.jpg\" height=\"500\" width=\"700\" alt=\"\" class=\"slider-225 slide-243 msDefaultImage\" \/><img loading=\"lazy\" decoding=\"async\" src=\"https:\/\/olivervoigt.de\/wordpress\/wp-content\/uploads\/2014\/09\/Australien_06_0161-700x500.jpg\" height=\"500\" width=\"700\" alt=\"\" class=\"slider-225 slide-244 msDefaultImage\" \/><img loading=\"lazy\" decoding=\"async\" src=\"https:\/\/olivervoigt.de\/wordpress\/wp-content\/uploads\/2014\/09\/Australien_06_017-700x500.jpg\" height=\"500\" width=\"700\" alt=\"\" class=\"slider-225 slide-245 msDefaultImage\" \/><img loading=\"lazy\" decoding=\"async\" src=\"https:\/\/olivervoigt.de\/wordpress\/wp-content\/uploads\/2014\/09\/Australien_06_0191-700x500.jpg\" height=\"500\" width=\"700\" alt=\"\" class=\"slider-225 slide-246 msDefaultImage\" \/><img loading=\"lazy\" decoding=\"async\" src=\"https:\/\/olivervoigt.de\/wordpress\/wp-content\/uploads\/2014\/09\/Australien_06_020-700x500.jpg\" height=\"500\" width=\"700\" alt=\"\" class=\"slider-225 slide-247 msDefaultImage\" \/><img loading=\"lazy\" decoding=\"async\" src=\"https:\/\/olivervoigt.de\/wordpress\/wp-content\/uploads\/2014\/09\/Australien_06_021-700x500.jpg\" height=\"500\" width=\"700\" alt=\"\" class=\"slider-225 slide-248 msDefaultImage\" \/><img loading=\"lazy\" decoding=\"async\" src=\"https:\/\/olivervoigt.de\/wordpress\/wp-content\/uploads\/2014\/09\/Australien_06_022-700x500.jpg\" height=\"500\" width=\"700\" alt=\"\" class=\"slider-225 slide-249 msDefaultImage\" \/><img loading=\"lazy\" decoding=\"async\" src=\"https:\/\/olivervoigt.de\/wordpress\/wp-content\/uploads\/2014\/09\/Australien_06_023-700x500.jpg\" height=\"500\" width=\"700\" alt=\"\" class=\"slider-225 slide-250 msDefaultImage\" \/><img loading=\"lazy\" decoding=\"async\" src=\"https:\/\/olivervoigt.de\/wordpress\/wp-content\/uploads\/2014\/09\/Australien_06_024-700x500.jpg\" height=\"500\" width=\"700\" alt=\"\" class=\"slider-225 slide-251 msDefaultImage\" \/><img loading=\"lazy\" decoding=\"async\" src=\"https:\/\/olivervoigt.de\/wordpress\/wp-content\/uploads\/2014\/09\/Australien_06_025-700x500.jpg\" height=\"500\" width=\"700\" alt=\"\" class=\"slider-225 slide-252 msDefaultImage\" \/><img loading=\"lazy\" decoding=\"async\" src=\"https:\/\/olivervoigt.de\/wordpress\/wp-content\/uploads\/2014\/09\/Australien_06_026-700x500.jpg\" height=\"500\" width=\"700\" alt=\"\" class=\"slider-225 slide-253 msDefaultImage\" \/><img loading=\"lazy\" decoding=\"async\" src=\"https:\/\/olivervoigt.de\/wordpress\/wp-content\/uploads\/2014\/09\/Australien_06_028-700x500.jpg\" height=\"500\" width=\"700\" alt=\"\" class=\"slider-225 slide-254 msDefaultImage\" \/><img loading=\"lazy\" decoding=\"async\" src=\"https:\/\/olivervoigt.de\/wordpress\/wp-content\/uploads\/2014\/09\/Australien_06_029-700x500.jpg\" height=\"500\" width=\"700\" alt=\"\" class=\"slider-225 slide-255 msDefaultImage\" \/><img loading=\"lazy\" decoding=\"async\" src=\"https:\/\/olivervoigt.de\/wordpress\/wp-content\/uploads\/2014\/09\/Australien_06-2_001-700x500.jpg\" height=\"500\" width=\"700\" alt=\"\" class=\"slider-225 slide-256 msDefaultImage\" \/><img loading=\"lazy\" decoding=\"async\" src=\"https:\/\/olivervoigt.de\/wordpress\/wp-content\/uploads\/2014\/09\/Australien_06-2_002-700x500.jpg\" height=\"500\" width=\"700\" alt=\"\" class=\"slider-225 slide-257 msDefaultImage\" \/><img loading=\"lazy\" decoding=\"async\" src=\"https:\/\/olivervoigt.de\/wordpress\/wp-content\/uploads\/2014\/09\/Australien_06-2_003-700x500.jpg\" height=\"500\" width=\"700\" alt=\"\" class=\"slider-225 slide-258 msDefaultImage\" \/><img loading=\"lazy\" decoding=\"async\" src=\"https:\/\/olivervoigt.de\/wordpress\/wp-content\/uploads\/2014\/09\/IMG_1861-700x500.jpg\" height=\"500\" width=\"700\" alt=\"\" class=\"slider-225 slide-259 msDefaultImage\" \/><img loading=\"lazy\" decoding=\"async\" src=\"https:\/\/olivervoigt.de\/wordpress\/wp-content\/uploads\/2014\/09\/IMG_18611-700x500.jpg\" height=\"500\" width=\"700\" alt=\"\" class=\"slider-225 slide-260 msDefaultImage\" \/><\/div><\/div>\n        \n    <\/div>\n<\/div>\n<h2><\/h2>\n<h2>Holiday Nov\u00b406<\/h2>\n<p>Hinflug am 4. Nov<\/p>\n<p>Rueckflug am 29. Nov<\/p>\n<p>&nbsp;<\/p>\n<p>Hello and how&#8217;re u goin from Sydney?\u00a0Back in down under after nearly 2 years.<\/p>\n<p>Ok, dann fange ich mal kurz vor meinem Abflug an:<\/p>\n<p>Am Freitag Abend wurde ich von Antje, Matthias und Chiara zu einem &#8222;kleinen Abschiedsessen&#8220; eingeladen. Wie so \u00fcblich kam ich nicht p\u00fcnktlich, sondern erst ne 4tel std sp\u00e4ter. Als ich jedoch endlich einschneite, durfte ich erstmal mit Chiara zum Puzzles-kaufen fahren, was ich nicht ganz verstand, aber egal. Als wir ein 1000-Teile Puzzle endlich ausgesucht hatten, telefonierte ich kurz mit Antje ob wir zum Essen kommen k\u00f6nnen &#8211; Antwort: nein, erst in ca. 30 min! Ok, dann sind wir eben noch lustig tanken gefahren und ich telefonierte noch kurz mit Kasti meinem Stammkollegen vom Flughafen. So, nun endlich konnten wir r\u00fccken um die Henkersmahlzeit einzunehmen. Als wir ankamen, war alles etwas anders als sonst. Ich wurde ins dunkle Wohnzimmer geleitet und&#8230; es war eine totale \u00dcberraschung, denn da sa\u00dfen ganz brav Claudia, Gerald, Scheibi und Bernd\u00a0am gedeckten Tisch. Wahnsinn!! Ich hatte mich total gefreut, was da wieder organisiert wurde. Christian, mein Freund aus M\u00fcnchen kam kurz drauf auch noch dazu. Leider konnten Lisa, Kasti und Waldi nicht anwesend sein, was ich sehr bedauerte. Aber diese \u00dcberraschung war trotzdem voll gelungen. Es gab Schweinshaxn mit Kl\u00f6ss und\u00a0Blaukraut &#8211; sehr lecker! Somit wurde es wieder nix mit eher heimgehen und Packen.<\/p>\n<p>Am Samstag, nach einem hardcore-tag daheim mit Packen und Aufr\u00e4umen\u00a0wurde ich gg 19 Uhr von meinen Lieben (Antje, Matthias u Chiara) abgeholt und wir sind zum Flughafen M\u00fcnchen gefahren. Nach dem einchecken und der Sicherheitskontrolle, kaufte ich noch eine Flasche Ramazotti f\u00fcr Sandra in Sydney. Nun endlich freute ich mich auf mein wohlverdientes Abschiedsbierchen. Nat\u00fcrlich begegneten wir auch noch 2 Kollegen, die \u00e4rmsten (Uli und Ingo) hatten einen Charly-Aussteiger. Kurz vor meinem Abflug kam noch eine Dellegation meiner liebsten Kollegen: Kasti, Balli, Maria, Sabrina, Mathias, Radi, Serge und Mr. Buschmann. Hab mich wieder voll gefreut. Unglaublich, als w\u00fcrde ich wieder f\u00fcr ein Jahr nach Australien gehen &#8211; aber dabei sind es ja NUR 3,5 Wochen. Ach ja, ein kurzes Abschiedstelefonat von einem ganz lieben Menschen bekam ich auch noch. Eigentlich unvorstellbar bei so einem crazy german like me \ud83d\ude42<\/p>\n<p>6. Nov\u00b406<\/p>\n<p>Nach 10.000 Std Flugzeit \u00fcber Dubai und Bangkok kam ich endlich irgendwann Montag morgens in Sydney an. Der Flug war echt ok, die Passagiere neben mir langweilig und komisch, egal &#8211; somit hatte ich meine Ruhe. Interessant waren die wheelshair-schuppser auf den verschiedenen Flugh\u00e4fen &#8211; sozusagen Kollegen von mir. Ab edelsten gekleidet waren die Aussies. Ok, also back in OZ. Nach der lustigen Zoll-, Pass- und Quarant\u00e4nekontrolle war ich endlich richtig angekommen. Gleich noch ein paar &#8222;nervige&#8220; Bin gut angekommen &#8211; SMS nach cold-germany und ab in die city.<\/p>\n<p>Nach 1x Umsteigen von Bahn auf Bus und einer ca 30 min-gen Fahrt kam ich bei Frank an. Wir freuten uns nach relativ kurzer Zeit wiederzusehen. Nach ein paar updates der letzten news und einem Kaffee in der city mussten wir zur\u00fcck, denn Vivien seine ca 7-j\u00e4hrige Tochter kam mit dem Bus von der deutschen Schule in Sydney. Die kleine kannte mich zwar nicht mehr, war aber daf\u00fcr sehr zug\u00e4nglich und wir spielten und tollten etwas herum. Halb 6 brachen wir auf, denn ich musste ja nun endlich Sandra treffen, die nun auch Feierabend hatte. Somit fuhr mich Frank u Vivien in die Stadt zum busstop, wo Sandra auf mich wartete. Mit ihr fuhr ich dann nach Mosman in ihre herrliche Wohnung mit Balkon und Blick aufs Wasser &#8211; einfach traumhaft!<\/p>\n<p>so nun isses halb 1 mittags und ich hab erstmal keine Lust mehr, muss ja noch etwas vom Tag und dem Wetter geniessen, mal schauen vielleicht gehts zur skulpturen-ausstellung an sydneys str\u00e4nde &#8211; cu later mate \ud83d\ude09 And I hold u on thr running!<\/p>\n<p>11. Nov &#8217;06<\/p>\n<p>Wieder einmal eine kurze Zusammenfassung der vergangenen Tage. Bitte entschuldigt, dass ich das nicht taeglich machen kann, aber wenn man nichtmal jeden Abend bzw. Tag (wie am vergangenen Donnerstag) daheim ist, dann isses schon schwierig. An meinem ersten Abend in Sydney, gingen Sandra und ich noch lecker zum Asiaten essen. Da es BYO war, machten wir noch einen kleinen Umweg zum Bottleshop, um uns einen Rotwein zu kaufen. Aber wie so gerne eine leckere Ente mit Reis (Kurzfassung) gegessen. Am Dienstag schlief ich erstmal richtig lang aus und machte mich dann direkt auf den Weg in die Stadt und zum Circular Quay um erstmal das Opernhaus und die Harbour Bridge zu sehen &#8211; denn, wie Sandra auch schonmal so sch\u00f6n berichtete, erst dann weiss man, dass man in Sydney angekommen ist, und des stimmt! Im Botanischen garten hab ich dann erstmal die ersten Sonnenstrahlen genossen. Ein gemuetlicher Spaziergang durch die Stadt und auf zur Allianz um Sandra von der Arbeit abzuholen. Ach da faellt mir ein am Dienstag war ja noch der Melbourne Cup &#8211; das Australische Pfererennen schlecht hin. Ganz Down Under ist in Aufregung und Partystimmung. Viele Damen und die es noch werden wollen tragen grosse H\u00fcte, z. T. schicke Kleider oder gar Federn im Haar, auch genannt Haarschmuck. Gut, ist echt ganz witzig wie manche rumlaufen und abdrehen, aber sch\u00f6n. Mit Sandra bin ich dann zu einer Sushibar gegangen, wo wir recht g\u00fcnstig (billig im Gegensatz zu Deutschland) wirklich gut Sushi essen waren. Ach und vorher sind wir noch romantisch shoppen gewesen, war voll lustig. Die Tage drauf vergingen wie im Flug, viel Party die Nacht durch mit Frank und ab und zu lecker Essengehen, dabei haben wir einige Australier kennengelernt. Ja sogar einen Aboriginal aus Broome, dessen kleiner Sohn irgendwie bei einem Filmdreh in Sydney mitmachte. Heute war ich allein daheim, da Sandra bis zum Sonntag auf Segelturn ist. Ich bin dann mittags in die City, um meinen Flug fuer morgen nach Darwin zu buchen. Von dort aus geht es dann am Montag fr\u00fch weiter nach Mataranka auf &#8222;meine Cattle Station&#8220; und den lieben MacFarlanes, Juhuuu! Dann habe ich mir heute noch fix fuer 15 Aus$ einen Sommerschnitt verpassen lassen. Bin ganz zufrieden. Ok, soviel erstmal zu Sydney &#8211; die Einzelheiten kommen noch spaeter. Bis bald und gebt auf euch acht, der winter naht. Liebe Gruesse, euer Olli<\/p>\n<p>27. Nov\u00b406<\/p>\n<p>Nach 2 Wochen einmal quer ueber das Land, den Kontinent oder auch die Insel, wie auch immer, bin ich wieder gut in Sydney angekommen. Von Sydney aus bin ich \u00fcber kurzen Flugstop in Brisbane nach Darwin geflogen. Dort war es wieder wunderschoen heiss. Ich kam morgens irgendwann 1 Uhr an und wartete darauf, dass ich mein Ticket nach Mataranka fuer den Bus kaufen konnte. Das Buero machte ja erst 6 Uhr auf, sodass ich dann eigentlich gleich den Bus haette nehmen koennen. Nur wusste ich nicht, dass es nur noch einen Bus gab, der erst halb 12 mittags faehrt. Aber das erfuhr ich dann gleich als ich endlich nach 5 std das Ticket bekam. Prima, somit hatte ich ja nur noch 5,5 std zu warten. Egal, sosehr wie ich mich auf die Farm freute war das halb so wild. Nach etwas ueber 5 std Busfahrt mit Zwischenstop in Katherine kam ich endlich in Mataranka an. Dort holte mich dann Lindsay ab und wir fuhren zur Station. Tina und Skye waren wegen Terminen und Erledigungen nach Darwin gefahren, somit waren wir die ersten 3 Tage allein. Daher gab es doch einiges zutun. Fuettern der Tiere, Reinigen der Scheune, Ausschneiden vom Bueschen und Baeumen, Raparieren von Zaeunen und mal lustig mit dem Nachbarn George einen Trinken usw. wie Ventilatoren anbringen, Elektrozaeune versetzen, mit den Hunden und dem Ziegenbock spielen, Wassertanks auffuellen, Wassertroege reinigen&#8230; Als Skye zurueck war, haben wir viel zusammen viel Spiele gemacht, sind einmal mit den Pferdchen geritten und haben Wallabies beobachtet &#8211; aber diesmal nicht geschossen!!! Es war einfach wieder traumhaft, nur manchmal doch ein wenig zuuuu heiss. Nach einer herrlichen Woche auf der Cattlestation bin ich nach Melbourne geflogen um Kath u Michael (Rex) zu treffen. Mit ihnen hatte ich auch viel Freude, wir waren lustig Biertrinken, Essen und einmal zum Bowling was fuer mich total neu war. In Melbourne habe ich mir nochmal den wunderschoenen Botanicgarten angeschaut, bin mit dem Radl an den\u00b4Strand gefahren und hab ne lustige, recht gefaehrliche Spinne im Wohnzimmer auf nen Sofa entdeckt. Was war schlimmer? Die Farm, wo du weisst, dass es dort eher giftige Viecher gibt und wo du automatisch aufpasst, oder Melbourne mit seinem Strassenverkehr und den Tierchen, mit denen du absolut nicht gleich rechnest? Stimmt, normal musst du hier ueberall mit giftigen Tieren usw rechnen &#8211; wieder was gelernt \ud83d\ude42 Ok, ich muss leider schon wieder los. Will ja noch etwas von Sydney erleben und net nur hier tippseln. Drueck euch alle ganz lieb und freue mich auf Wiedersehen!!! Olli<\/p>\n<p>&nbsp;<\/p>\n<p>Bin wieder daheim, es war fuer DownUnder recht kurz, dafuer habe ich allerdings ne Menge gesehen und freue mich trotzdem wieder heil und gesund zurueck zu sein. Bei der Ankunft wartete eine kleine Empfangsgruppe von drei ganz lieben Freunden, die mich am Flughafen in Muenchen empfingen. Hab mich total darueber gefreut, danke euch ihr Lieben!! Eine Ergaenzung fehlender Geschichten meiner Reise werde ich wie bereits erwaehnt nachschreiben, ebenso ein paar Bilder. Sorry, muss jetzt erstmal ins Bett, es ist gleich 21 Uhr und morgen 6 Uhr wartet der Dienst am Flughafen Muc wieder auf mich! LG euer Olli<\/p>\n<p>Links zu Pages giftiger Spinnen und Schlangen Australiens:<\/p>\n<p><b><a href=\"https:\/\/www.yesaustralia.com\/Curiosidades-animaising.htm\" target=\"_blank\">www.yesaustralia.com\/Curiosidades-animaising.htm<\/a><\/b><\/p>\n<p><b><a href=\"https:\/\/home.iprimus.com.au\/gunnado\/spiders.html\" target=\"_blank\">home.iprimus.com.au\/gunnado\/spiders.html<\/a><\/b><\/p>\n<p><b><a href=\"https:\/\/home.iprimus.com.au\/gunnado\/snakes.html\" target=\"_blank\">home.iprimus.com.au\/gunnado\/snakes.html<\/a><\/b><\/p>\n<p><b><a href=\"https:\/\/www.termite.com\/spider-identification.html\" target=\"_blank\">www.termite.com\/spider-identification.html<\/a><\/b><\/p>\n<p><b><a href=\"https:\/\/www.amonline.net.au\/spiders\/dangerous\/index.cfm\" target=\"_blank\">www.amonline.net.au\/spiders\/dangerous\/index.cfm<\/a><\/b><\/p>\n<p>&nbsp;<\/p>\n","protected":false},"excerpt":{"rendered":"<p>Holiday Nov\u00b406 Hinflug am 4. Nov Rueckflug am 29. Nov &nbsp; Hello and how&#8217;re u goin from Sydney?\u00a0Back in down under after nearly 2 years. Ok, dann fange ich mal kurz vor meinem Abflug an: Am Freitag Abend wurde ich von Antje, Matthias und Chiara zu einem &#8222;kleinen Abschiedsessen&#8220; eingeladen. Wie so \u00fcblich kam ich [&hellip;]<\/p>\n","protected":false},"author":1,"featured_media":0,"parent":0,"menu_order":0,"comment_status":"closed","ping_status":"closed","template":"page-full-width.php","meta":{"footnotes":""},"class_list":["post-87","page","type-page","status-publish","hentry"],"_links":{"self":[{"href":"https:\/\/olivervoigt.de\/wordpress\/index.php?rest_route=\/wp\/v2\/pages\/87","targetHints":{"allow":["GET"]}}],"collection":[{"href":"https:\/\/olivervoigt.de\/wordpress\/index.php?rest_route=\/wp\/v2\/pages"}],"about":[{"href":"https:\/\/olivervoigt.de\/wordpress\/index.php?rest_route=\/wp\/v2\/types\/page"}],"author":[{"embeddable":true,"href":"https:\/\/olivervoigt.de\/wordpress\/index.php?rest_route=\/wp\/v2\/users\/1"}],"replies":[{"embeddable":true,"href":"https:\/\/olivervoigt.de\/wordpress\/index.php?rest_route=%2Fwp%2Fv2%2Fcomments&post=87"}],"version-history":[{"count":5,"href":"https:\/\/olivervoigt.de\/wordpress\/index.php?rest_route=\/wp\/v2\/pages\/87\/revisions"}],"predecessor-version":[{"id":322,"href":"https:\/\/olivervoigt.de\/wordpress\/index.php?rest_route=\/wp\/v2\/pages\/87\/revisions\/322"}],"wp:attachment":[{"href":"https:\/\/olivervoigt.de\/wordpress\/index.php?rest_route=%2Fwp%2Fv2%2Fmedia&parent=87"}],"curies":[{"name":"wp","href":"https:\/\/api.w.org\/{rel}","templated":true}]}}