{"id":24,"date":"2014-09-19T16:15:17","date_gmt":"2014-09-19T16:15:17","guid":{"rendered":"http:\/\/olivervoigt.de\/wordpress\/?page_id=24"},"modified":"2017-05-18T07:54:07","modified_gmt":"2017-05-18T07:54:07","slug":"seite2","status":"publish","type":"page","link":"https:\/\/olivervoigt.de\/wordpress\/?page_id=24","title":{"rendered":"about me"},"content":{"rendered":"<h4><strong>Welcome to Oliver Voigt!<\/strong><\/h4>\n<p>Hi, ich bin Olli und freue mich, dass ihr auf meine Seite gefunden habt. Wenn ich nicht gerade in der gro\u00dfen weiten Welt unterwegs bin, wohne ich im sch\u00f6nen M\u00fcnchen, wo des weltbeste Bier daheim ist. Haben in unserer neuen Wohnung einen genialen Blick \u00fcber M\u00fcnchen &#8211; einmal zur Arena und bist zu den Alpen \u00fcber die Frauenkirche auch Dom genannt. Geboren bin ich am 1. November 1972 in Gera (Th\u00fcringen).<br \/>\nMeinen derzeitigen Job habe ich am Flughafen M\u00fcnchen (Fa. MD-Medicus). Er umfasst die komplette T\u00e4tigkeit des Mobilit\u00e4tsservice.<\/p>\n<p>Mein erlernter Beruf ist Radio- Fernsehtechniker mit Gesellenbrief.<\/p>\n<p>Meine bisherigen Haustiere: ein Wellensittich Phillip, Goldfische no name, ein Zwerghase Freddy und zuletzt meine s\u00fcssen 3 Rattenjungs: Tiger, Billy und Sylvester. Am liebsten w\u00fcrde ich mir als n\u00e4chstes ein paar Ziegen zulegen \ud83d\ude42<\/p>\n<p>Zu meinen Hobbys geh\u00f6rt nat\u00fcrlich das Fern-Reisen , ab und zu Motorradfahren, mit Freunden feiern, kochen, backen und kulturelle Besuche wie Museen alte St\u00e4dte usw&#8230;\u00a0Musik h\u00f6re ich nat\u00fcrlich nur das Beste (naja, fast alles, momentan, aber am liebsten australische Country-\/Folkmusic. Als begeisterter Karnevals-Jeck und Oktoberfestbesucher\u00a0liebe ich auch diese &#8222;Bier-kulturellen Veranstaltungen&#8220;.<\/p>\n<p>Das\u00a0solls erstmal von mir gewesen sein.. F\u00fcr\u00a0neugierige weitere\u00a0Fragen,\u00a0Gr\u00fcsse,\u00a0oder sonstigen W\u00fcnsche habt ihr die einmalige M\u00f6glichkeit mir per e-mail oder ins Feedback Formular zu schreiben.<\/p>\n<p>Dann viel Spass noch beim Surfen und bis bald<\/p>\n<p>euer Olli<\/p>\n<p>PS<br \/>\nihr findet aktuelle news unter <a title=\"home news\" href=\"http:\/\/olivervoigt.de\/wordpress\/?page_id=35\">&#8222;home news&#8220;<br \/>\n<\/a>Email : <a href=\"m&#97;&#x69;&#x6c;&#x74;o&#58;&#x69;&#x6e;&#x66;o&#64;&#x6f;&#x6c;&#x69;v&#101;&#x72;&#x76;&#x6f;i&#103;&#x74;&#x2e;&#x64;e\">&#105;&#x6e;f&#x6f;&#x40;&#111;&#x6c;i&#x76;&#x65;&#114;&#x76;o&#x69;&#x67;&#116;&#x2e;d&#x65;<\/a><\/p>\n<p><strong>meine Favoriten-Links:<\/strong><\/p>\n<p>von meinem Homepagedesigner und Freund Achim:<span style=\"font-family: Geneva,Arial,sans-serif; font-size: xx-small;\"><span class=\"Apple-converted-space\">\u00a0<\/span><b><a href=\"https:\/\/www.kindshuber.de\/\" target=\"_blank\" rel=\"noopener noreferrer\"><span style=\"font-family: Verdana; font-size: small;\">www.kindshuber.de<\/span><\/a><\/b><\/span><br \/>\nvon meinem guten Freund Franky:\u00a0<b><a href=\"https:\/\/www.bali24shop.de\/\" target=\"_blank\" rel=\"noopener noreferrer\">www.Bali24shop.de<\/a><\/b>\u00a0<span class=\"Apple-converted-space\">\u00a0<\/span><b><a href=\"https:\/\/www.betriebstechniker.de\/\" target=\"_blank\" rel=\"noopener noreferrer\">www.betriebstechniker.de<\/a><\/b><br \/>\nSonstiges:<span style=\"font-family: Geneva,Arial,sans-serif; font-size: xx-small;\">\u00a0<\/span><b><a href=\"https:\/\/www.aboriginalart.com.au\/\" target=\"_blank\" rel=\"noopener noreferrer\">www.aboriginalart.com.au<\/a><\/b><br \/>\nCoburg: <b><a href=\"https:\/\/www.coburg-tourist.de\/\" target=\"_blank\" rel=\"noopener noreferrer\">www.coburg-tourist.de<\/a><\/b>\u00a0 <b><a href=\"https:\/\/www.samba-festival.de\/\" target=\"_blank\" rel=\"noopener noreferrer\">www.samba-festival.de<\/a><\/b><\/p>\n","protected":false},"excerpt":{"rendered":"<p>Welcome to Oliver Voigt! Hi, ich bin Olli und freue mich, dass ihr auf meine Seite gefunden habt. Wenn ich nicht gerade in der gro\u00dfen weiten Welt unterwegs bin, wohne ich im sch\u00f6nen M\u00fcnchen, wo des weltbeste Bier daheim ist. Haben in unserer neuen Wohnung einen genialen Blick \u00fcber M\u00fcnchen &#8211; einmal zur Arena und [&hellip;]<\/p>\n","protected":false},"author":1,"featured_media":0,"parent":0,"menu_order":1,"comment_status":"closed","ping_status":"closed","template":"page-full-width.php","meta":{"footnotes":""},"class_list":["post-24","page","type-page","status-publish","hentry"],"_links":{"self":[{"href":"https:\/\/olivervoigt.de\/wordpress\/index.php?rest_route=\/wp\/v2\/pages\/24","targetHints":{"allow":["GET"]}}],"collection":[{"href":"https:\/\/olivervoigt.de\/wordpress\/index.php?rest_route=\/wp\/v2\/pages"}],"about":[{"href":"https:\/\/olivervoigt.de\/wordpress\/index.php?rest_route=\/wp\/v2\/types\/page"}],"author":[{"embeddable":true,"href":"https:\/\/olivervoigt.de\/wordpress\/index.php?rest_route=\/wp\/v2\/users\/1"}],"replies":[{"embeddable":true,"href":"https:\/\/olivervoigt.de\/wordpress\/index.php?rest_route=%2Fwp%2Fv2%2Fcomments&post=24"}],"version-history":[{"count":21,"href":"https:\/\/olivervoigt.de\/wordpress\/index.php?rest_route=\/wp\/v2\/pages\/24\/revisions"}],"predecessor-version":[{"id":338,"href":"https:\/\/olivervoigt.de\/wordpress\/index.php?rest_route=\/wp\/v2\/pages\/24\/revisions\/338"}],"wp:attachment":[{"href":"https:\/\/olivervoigt.de\/wordpress\/index.php?rest_route=%2Fwp%2Fv2%2Fmedia&parent=24"}],"curies":[{"name":"wp","href":"https:\/\/api.w.org\/{rel}","templated":true}]}}